{"id":7,"date":"2008-05-17T21:35:40","date_gmt":"2008-05-17T19:35:40","guid":{"rendered":"http:\/\/www.markus-bader.de\/blog\/?page_id=7"},"modified":"2024-06-08T16:51:49","modified_gmt":"2024-06-08T15:51:49","slug":"impressum","status":"publish","type":"page","link":"https:\/\/www.markus-bader.de\/?page_id=7","title":{"rendered":"Impressum"},"content":{"rendered":"<p>Markus Bader<br \/>\nH&uuml;gelsheimer Stra&szlig;e 13<br \/>\n76473 Iffezheim<br \/>\nTelefon: +49 7229 54 02<br \/>\nE-Mail: <a href=\"mailto:Mail@Markus-Bader.de?subject=Anfrage%3A\">Mail@Markus-Bader.de<\/a><br \/>\nInternet: <a href=\"http:\/\/www.Markus-Bader.de\">www.Markus-Bader.de<\/a><\/p>\n<p>Ust-IdNr: DE188938003<\/p>\n<p><a href=\"https:\/\/www.markus-bader.de\/?page_id=49\">AGB<\/a><\/p>\n<p><a href=\"https:\/\/www.markus-bader.de\/?page_id=135\">Datenschutzerkl\u00e4rung<\/a><\/p>\n<p>Inhaltlich Verantwortlicher gem&auml;&szlig; &sect; 55 Abs. 2 RStV: Markus Bader (Anschrift wie oben)<\/p>\n<p>Diese Website benutzt <a href=\"http:\/\/piwik.org\/\" target=\"_blank\" rel=\"noopener\">Piwik<\/a>, eine Open-Source-Software zur statistischen Auswertung der Besucherzugriffe. Piwik verwendet sog. \u201cCookies\u201d, Textdateien, die auf Ihrem Computer gespeichert werden und die eine Analyse der Benutzung der Website durch Sie erm\u00f6glichen. Die durch den Cookie erzeugten Informationen \u00fcber Ihre Benutzung dieses Internetangebotes werden auf dem <span style=\"color: #993300;\">Server des Anbieters in Deutschland <\/span>gespeichert. <span style=\"color: #993300;\">Die IP-Adresse wird sofort nach der Verarbeitung und vor deren Speicherung anonymisiert. <\/span>Sie k\u00f6nnen die Installation der Cookies durch eine entsprechende Einstellung Ihrer Browser-Software verhindern; wir weisen Sie jedoch darauf hin, dass Sie in diesem Fall gegebenenfalls nicht s\u00e4mtliche Funktionen dieser Website vollumf\u00e4nglich nutzen k\u00f6nnen.<\/p>\n<p \/>\n","protected":false},"excerpt":{"rendered":"<p>Markus Bader H&uuml;gelsheimer Stra&szlig;e 13 76473 Iffezheim Telefon: +49 7229 54 02 E-Mail: Mail@Markus-Bader.de Internet: www.Markus-Bader.de Ust-IdNr: DE188938003 AGB Datenschutzerkl\u00e4rung Inhaltlich Verantwortlicher gem&auml;&szlig; &sect; 55 Abs. 2 RStV: Markus Bader (Anschrift wie oben) Diese Website benutzt Piwik, eine Open-Source-Software zur &hellip; <a href=\"https:\/\/www.markus-bader.de\/?page_id=7\">Continue reading <span class=\"meta-nav\">&rarr;<\/span><\/a><\/p>\n","protected":false},"author":2,"featured_media":0,"parent":0,"menu_order":0,"comment_status":"closed","ping_status":"closed","template":"","meta":{"footnotes":""},"_links":{"self":[{"href":"https:\/\/www.markus-bader.de\/index.php?rest_route=\/wp\/v2\/pages\/7"}],"collection":[{"href":"https:\/\/www.markus-bader.de\/index.php?rest_route=\/wp\/v2\/pages"}],"about":[{"href":"https:\/\/www.markus-bader.de\/index.php?rest_route=\/wp\/v2\/types\/page"}],"author":[{"embeddable":true,"href":"https:\/\/www.markus-bader.de\/index.php?rest_route=\/wp\/v2\/users\/2"}],"replies":[{"embeddable":true,"href":"https:\/\/www.markus-bader.de\/index.php?rest_route=%2Fwp%2Fv2%2Fcomments&post=7"}],"version-history":[{"count":11,"href":"https:\/\/www.markus-bader.de\/index.php?rest_route=\/wp\/v2\/pages\/7\/revisions"}],"predecessor-version":[{"id":186,"href":"https:\/\/www.markus-bader.de\/index.php?rest_route=\/wp\/v2\/pages\/7\/revisions\/186"}],"wp:attachment":[{"href":"https:\/\/www.markus-bader.de\/index.php?rest_route=%2Fwp%2Fv2%2Fmedia&parent=7"}],"curies":[{"name":"wp","href":"https:\/\/api.w.org\/{rel}","templated":true}]}}